{"id":36008,"date":"2022-11-22T14:39:57","date_gmt":"2022-11-22T14:39:57","guid":{"rendered":"https:\/\/hoiqs9jdk0.onrocket.site\/why-doubleflow\/"},"modified":"2026-03-23T07:57:59","modified_gmt":"2026-03-23T07:57:59","slug":"varfor-doubleflow","status":"publish","type":"page","link":"https:\/\/staging.doubleflow.com\/sv\/varfor-doubleflow\/","title":{"rendered":"Varf\u00f6r v\u00e4lja Doubleflow?"},"content":{"rendered":"<section class=\"wpb-content-wrapper\"><p>[vc_row full_width=&#8221;stretch_row&#8221; el_class=&#8221;vc_hidden-lg vc_hidden-md&#8221;][vc_column]\n            <div class=\"banner vc_panel bg--dark\">\n              <div class=\"pos-vc\">\n                <div class=\"container\">\n                  <div class=\"row\">\n                      <div class=\"col-sm-12\">[vc_empty_space height=&#8221;20px&#8221;][vc_row_inner][vc_column_inner width=&#8221;2\/3&#8243;][vc_column_text]<\/p>\n<h2 style=\"font-size: 45px !important; text-align: center;\"><span style=\"color: #ffffff;\">Varf\u00f6r Doubleflow?<\/span><\/h2>\n<p>[\/vc_column_text][vc_empty_space height=&#8221;75px&#8221;][\/vc_column_inner][vc_column_inner width=&#8221;1\/3&#8243;][\/vc_column_inner][\/vc_row_inner]<\/div>\n                  <\/div>\n                <\/div>\n              <\/div>\n              <div class=\"background-image-holder\" data-opacity=\"7\">\n                <img loading=\"lazy\" decoding=\"async\" width=\"2386\" height=\"1591\" src=\"https:\/\/staging.doubleflow.com\/wp-content\/uploads\/2023\/12\/Security-Awareness-for-employees2.jpg\" class=\"attachment-full size-full\" alt=\"Security Awareness for employees\" srcset=\"https:\/\/staging.doubleflow.com\/wp-content\/uploads\/2023\/12\/Security-Awareness-for-employees2.jpg 2386w, https:\/\/staging.doubleflow.com\/wp-content\/uploads\/2023\/12\/Security-Awareness-for-employees2-300x200.jpg 300w, https:\/\/staging.doubleflow.com\/wp-content\/uploads\/2023\/12\/Security-Awareness-for-employees2-1024x683.jpg 1024w, https:\/\/staging.doubleflow.com\/wp-content\/uploads\/2023\/12\/Security-Awareness-for-employees2-768x512.jpg 768w, https:\/\/staging.doubleflow.com\/wp-content\/uploads\/2023\/12\/Security-Awareness-for-employees2-1536x1024.jpg 1536w, https:\/\/staging.doubleflow.com\/wp-content\/uploads\/2023\/12\/Security-Awareness-for-employees2-2048x1366.jpg 2048w\" sizes=\"auto, (max-width: 2386px) 100vw, 2386px\" \/>\n              <\/div>\n            <\/div>\n          [\/vc_column][\/vc_row][vc_row full_width=&#8221;stretch_row&#8221; el_class=&#8221;vc_hidden-sm vc_hidden-xs&#8221;][vc_column]\n            <div class=\"banner vc_panel bg--dark\">\n              <div class=\"pos-vc\">\n                <div class=\"container\">\n                  <div class=\"row\">\n                      <div class=\"col-sm-12\">[vc_empty_space height=&#8221;175px&#8221;][vc_row_inner][vc_column_inner][vc_column_text]<\/p>\n<h1 style=\"font-size: 65px; text-align: left;\"><span style=\"color: #ffffff;\">Varf\u00f6r Doubleflow?<\/span><\/h1>\n<p>[\/vc_column_text][vc_empty_space height=&#8221;20px&#8221;][\/vc_column_inner][\/vc_row_inner][vc_row_inner][vc_column_inner width=&#8221;1\/4&#8243;][vc_btn title=&#8221;Boka en demo&#8221; color=&#8221;white&#8221; align=&#8221;left&#8221; el_class=&#8221;sg-popup-id-42276&#8243;][\/vc_column_inner][vc_column_inner width=&#8221;1\/4&#8243;][vc_btn title=&#8221;Se en demovideo&#8221; color=&#8221;white&#8221; align=&#8221;left&#8221; link=&#8221;url:https%3A%2F%2Fstaging.doubleflow.com%2Fsv%2Fdemo-video%2F&#8221;][\/vc_column_inner][vc_column_inner width=&#8221;1\/4&#8243;][\/vc_column_inner][vc_column_inner width=&#8221;1\/4&#8243;][\/vc_column_inner][\/vc_row_inner][vc_empty_space height=&#8221;100px&#8221;]<\/div>\n                  <\/div>\n                <\/div>\n              <\/div>\n              <div class=\"background-image-holder\" data-opacity=\"9\">\n                <img loading=\"lazy\" decoding=\"async\" width=\"1920\" height=\"790\" src=\"https:\/\/staging.doubleflow.com\/wp-content\/uploads\/2026\/02\/Cybersecurity-Awareness-Training-4.jpg\" class=\"attachment-full size-full\" alt=\"Cybersecurity Awareness Training tailored to your industry\" srcset=\"https:\/\/staging.doubleflow.com\/wp-content\/uploads\/2026\/02\/Cybersecurity-Awareness-Training-4.jpg 1920w, https:\/\/staging.doubleflow.com\/wp-content\/uploads\/2026\/02\/Cybersecurity-Awareness-Training-4-300x123.jpg 300w, https:\/\/staging.doubleflow.com\/wp-content\/uploads\/2026\/02\/Cybersecurity-Awareness-Training-4-1024x421.jpg 1024w, https:\/\/staging.doubleflow.com\/wp-content\/uploads\/2026\/02\/Cybersecurity-Awareness-Training-4-768x316.jpg 768w, https:\/\/staging.doubleflow.com\/wp-content\/uploads\/2026\/02\/Cybersecurity-Awareness-Training-4-1536x632.jpg 1536w\" sizes=\"auto, (max-width: 1920px) 100vw, 1920px\" \/>\n              <\/div>\n            <\/div>\n          [\/vc_column][\/vc_row][vc_section full_width=&#8221;stretch_row&#8221; el_class=&#8221;game-info rounded-images&#8221;][vc_row][vc_column][vc_empty_space height=&#8221;50px&#8221; el_class=&#8221;vc_hidden-sm vc_hidden-xs rounded-images&#8221;][\/vc_column][\/vc_row][vc_row ftw_align_center_row=&#8221;true&#8221; ftw_reverse_order=&#8221;true&#8221;][vc_column css_animation=&#8221;bottom-to-top&#8221; width=&#8221;1\/2&#8243;][vc_empty_space height=&#8221;50px&#8221;][vc_single_image image=&#8221;42364&#8243; img_size=&#8221;full&#8221; alignment=&#8221;center&#8221;][\/vc_column][vc_column width=&#8221;1\/2&#8243;][vc_column_text]<\/p>\n<h2>Branschanpassad cybers\u00e4kerhetsutbildning: H\u00f6gre relevans, l\u00e4gre risk<\/h2>\n<p>P\u00e5 Doubleflow anser vi att relevans \u00e4r nyckeln till b\u00e5de effektiv inl\u00e4rning och att kunskapen fastnar. Vi ers\u00e4tter generiskt standardinneh\u00e5ll med branschanpassad informationss\u00e4kerhetsutbildning som speglar dina medarbetares verklighet. En veterin\u00e4r uts\u00e4tts inte f\u00f6r samma cyberhot som en aff\u00e4rsjurist eller en platschef p\u00e5 ett bygge.<\/p>\n<p>Doubleflow erbjuder ett inneh\u00e5llsbibliotek f\u00f6r en rad olika branscher \u2013 fr\u00e5n sjukv\u00e5rd och hotellverksamhet till byggbranschen och advokatbyr\u00e5er. Vi erbjuder till och med skr\u00e4ddarsydd tr\u00e4ning f\u00f6r fotbollsklubbar.<\/p>\n<p>N\u00e4r anst\u00e4llda ser att sin egen bransch, terminologi och dagliga utmaningar \u00e5terspeglas i utbildningen, slutar de se den som ett tr\u00e5kigt m\u00e5ste &#8211; det blir ett roligt professionellt verktyg.[\/vc_column_text][\/vc_column][\/vc_row][\/vc_section]<\/p>\n<\/section>","protected":false},"excerpt":{"rendered":"<p>[vc_row full_width=&#8221;stretch_row&#8221; el_class=&#8221;vc_hidden-lg vc_hidden-md&#8221;][vc_column][\/vc_column][\/vc_row][vc_row full_width=&#8221;stretch_row&#8221; el_class=&#8221;vc_hidden-sm vc_hidden-xs&#8221;][vc_column][\/vc_column][\/vc_row][vc_section full_width=&#8221;stretch_row&#8221; el_class=&#8221;game-info rounded-images&#8221;][vc_row][vc_column][vc_empty_space height=&#8221;50px&#8221; el_class=&#8221;vc_hidden-sm vc_hidden-xs rounded-images&#8221;][\/vc_column][\/vc_row][vc_row ftw_align_center_row=&#8221;true&#8221; ftw_reverse_order=&#8221;true&#8221;][vc_column css_animation=&#8221;bottom-to-top&#8221; width=&#8221;1\/2&#8243;][vc_empty_space height=&#8221;50px&#8221;][vc_single_image image=&#8221;42364&#8243; img_size=&#8221;full&#8221; alignment=&#8221;center&#8221;][\/vc_column][vc_column width=&#8221;1\/2&#8243;][vc_column_text] Branschanpassad cybers\u00e4kerhetsutbildning: H\u00f6gre relevans, l\u00e4gre risk P\u00e5 Doubleflow anser vi att relevans \u00e4r nyckeln till b\u00e5de effektiv inl\u00e4rning och att kunskapen fastnar. Vi ers\u00e4tter generiskt standardinneh\u00e5ll med branschanpassad informationss\u00e4kerhetsutbildning som speglar dina medarbetares verklighet. En veterin\u00e4r uts\u00e4tts&#8230;<\/p>\n","protected":false},"author":2,"featured_media":42070,"parent":0,"menu_order":96,"comment_status":"closed","ping_status":"closed","template":"","meta":{"_acf_changed":false,"inline_featured_image":false,"footnotes":""},"class_list":["post-36008","page","type-page","status-publish","has-post-thumbnail","hentry"],"acf":[],"yoast_head":"<!-- This site is optimized with the Yoast SEO plugin v27.3 - https:\/\/yoast.com\/product\/yoast-seo-wordpress\/ -->\n<title>Varf\u00f6r v\u00e4lja Doubleflow<\/title>\n<meta name=\"description\" content=\"Doubleflow \u00e4r experter p\u00e5 interaktiv Cybers\u00e4kerhetsutbildning f\u00f6r medarbetare - anpassat till er bransch.\" \/>\n<meta name=\"robots\" content=\"index, follow, max-snippet:-1, max-image-preview:large, max-video-preview:-1\" \/>\n<link rel=\"canonical\" href=\"https:\/\/www.doubleflow.com\/sv\/varfor-doubleflow\/\" \/>\n<meta property=\"og:locale\" content=\"sv_SE\" \/>\n<meta property=\"og:type\" content=\"article\" \/>\n<meta property=\"og:title\" content=\"Varf\u00f6r v\u00e4lja Doubleflow\" \/>\n<meta property=\"og:description\" content=\"Doubleflow \u00e4r experter p\u00e5 interaktiv Cybers\u00e4kerhetsutbildning f\u00f6r medarbetare - anpassat till er bransch.\" \/>\n<meta property=\"og:url\" content=\"https:\/\/www.doubleflow.com\/sv\/varfor-doubleflow\/\" \/>\n<meta property=\"og:site_name\" content=\"Doubleflow\" \/>\n<meta property=\"article:modified_time\" content=\"2026-03-23T07:57:59+00:00\" \/>\n<meta property=\"og:image\" content=\"https:\/\/www.doubleflow.com\/wp-content\/uploads\/2026\/03\/Security-Awareness-Training-for-construction-2.webp\" \/>\n\t<meta property=\"og:image:width\" content=\"1920\" \/>\n\t<meta property=\"og:image:height\" content=\"1280\" \/>\n\t<meta property=\"og:image:type\" content=\"image\/webp\" \/>\n<meta name=\"twitter:card\" content=\"summary_large_image\" \/>\n<meta name=\"twitter:label1\" content=\"Ber\u00e4knad l\u00e4stid\" \/>\n\t<meta name=\"twitter:data1\" content=\"2 minuter\" \/>\n<script type=\"application\/ld+json\" class=\"yoast-schema-graph\">{\"@context\":\"https:\\\/\\\/schema.org\",\"@graph\":[{\"@type\":\"WebPage\",\"@id\":\"https:\\\/\\\/www.doubleflow.com\\\/sv\\\/varfor-doubleflow\\\/\",\"url\":\"https:\\\/\\\/www.doubleflow.com\\\/sv\\\/varfor-doubleflow\\\/\",\"name\":\"Varf\u00f6r v\u00e4lja Doubleflow\",\"isPartOf\":{\"@id\":\"https:\\\/\\\/www.doubleflow.com\\\/#website\"},\"primaryImageOfPage\":{\"@id\":\"https:\\\/\\\/www.doubleflow.com\\\/sv\\\/varfor-doubleflow\\\/#primaryimage\"},\"image\":{\"@id\":\"https:\\\/\\\/www.doubleflow.com\\\/sv\\\/varfor-doubleflow\\\/#primaryimage\"},\"thumbnailUrl\":\"https:\\\/\\\/staging.doubleflow.com\\\/wp-content\\\/uploads\\\/2026\\\/03\\\/Security-Awareness-Training-for-construction-2.webp\",\"datePublished\":\"2022-11-22T14:39:57+00:00\",\"dateModified\":\"2026-03-23T07:57:59+00:00\",\"description\":\"Doubleflow \u00e4r experter p\u00e5 interaktiv Cybers\u00e4kerhetsutbildning f\u00f6r medarbetare - anpassat till er bransch.\",\"breadcrumb\":{\"@id\":\"https:\\\/\\\/www.doubleflow.com\\\/sv\\\/varfor-doubleflow\\\/#breadcrumb\"},\"inLanguage\":\"sv-SE\",\"potentialAction\":[{\"@type\":\"ReadAction\",\"target\":[\"https:\\\/\\\/www.doubleflow.com\\\/sv\\\/varfor-doubleflow\\\/\"]}]},{\"@type\":\"ImageObject\",\"inLanguage\":\"sv-SE\",\"@id\":\"https:\\\/\\\/www.doubleflow.com\\\/sv\\\/varfor-doubleflow\\\/#primaryimage\",\"url\":\"https:\\\/\\\/staging.doubleflow.com\\\/wp-content\\\/uploads\\\/2026\\\/03\\\/Security-Awareness-Training-for-construction-2.webp\",\"contentUrl\":\"https:\\\/\\\/staging.doubleflow.com\\\/wp-content\\\/uploads\\\/2026\\\/03\\\/Security-Awareness-Training-for-construction-2.webp\",\"width\":1920,\"height\":1280,\"caption\":\"Cybersecurity Awareness Training for the construction industry\"},{\"@type\":\"BreadcrumbList\",\"@id\":\"https:\\\/\\\/www.doubleflow.com\\\/sv\\\/varfor-doubleflow\\\/#breadcrumb\",\"itemListElement\":[{\"@type\":\"ListItem\",\"position\":1,\"name\":\"Home\",\"item\":\"https:\\\/\\\/www.doubleflow.com\\\/sv\\\/\"},{\"@type\":\"ListItem\",\"position\":2,\"name\":\"Varf\u00f6r v\u00e4lja Doubleflow?\"}]},{\"@type\":\"WebSite\",\"@id\":\"https:\\\/\\\/www.doubleflow.com\\\/#website\",\"url\":\"https:\\\/\\\/www.doubleflow.com\\\/\",\"name\":\"Doubleflow\",\"description\":\"Cybersecurity Awareness Training Platform\",\"publisher\":{\"@id\":\"https:\\\/\\\/www.doubleflow.com\\\/#organization\"},\"potentialAction\":[{\"@type\":\"SearchAction\",\"target\":{\"@type\":\"EntryPoint\",\"urlTemplate\":\"https:\\\/\\\/www.doubleflow.com\\\/?s={search_term_string}\"},\"query-input\":{\"@type\":\"PropertyValueSpecification\",\"valueRequired\":true,\"valueName\":\"search_term_string\"}}],\"inLanguage\":\"sv-SE\"},{\"@type\":\"Organization\",\"@id\":\"https:\\\/\\\/www.doubleflow.com\\\/#organization\",\"name\":\"Doubleflow\",\"url\":\"https:\\\/\\\/www.doubleflow.com\\\/\",\"logo\":{\"@type\":\"ImageObject\",\"inLanguage\":\"sv-SE\",\"@id\":\"https:\\\/\\\/www.doubleflow.com\\\/#\\\/schema\\\/logo\\\/image\\\/\",\"url\":\"https:\\\/\\\/staging.doubleflow.com\\\/wp-content\\\/uploads\\\/2022\\\/06\\\/Black-Full-Logo-01.svg\",\"contentUrl\":\"https:\\\/\\\/staging.doubleflow.com\\\/wp-content\\\/uploads\\\/2022\\\/06\\\/Black-Full-Logo-01.svg\",\"width\":\"1024\",\"height\":\"1024\",\"caption\":\"Doubleflow\"},\"image\":{\"@id\":\"https:\\\/\\\/www.doubleflow.com\\\/#\\\/schema\\\/logo\\\/image\\\/\"},\"sameAs\":[\"https:\\\/\\\/www.linkedin.com\\\/company\\\/doubleflow\\\/\"]}]}<\/script>\n<!-- \/ Yoast SEO plugin. -->","yoast_head_json":{"title":"Varf\u00f6r v\u00e4lja Doubleflow","description":"Doubleflow \u00e4r experter p\u00e5 interaktiv Cybers\u00e4kerhetsutbildning f\u00f6r medarbetare - anpassat till er bransch.","robots":{"index":"index","follow":"follow","max-snippet":"max-snippet:-1","max-image-preview":"max-image-preview:large","max-video-preview":"max-video-preview:-1"},"canonical":"https:\/\/www.doubleflow.com\/sv\/varfor-doubleflow\/","og_locale":"sv_SE","og_type":"article","og_title":"Varf\u00f6r v\u00e4lja Doubleflow","og_description":"Doubleflow \u00e4r experter p\u00e5 interaktiv Cybers\u00e4kerhetsutbildning f\u00f6r medarbetare - anpassat till er bransch.","og_url":"https:\/\/www.doubleflow.com\/sv\/varfor-doubleflow\/","og_site_name":"Doubleflow","article_modified_time":"2026-03-23T07:57:59+00:00","og_image":[{"width":1920,"height":1280,"url":"https:\/\/www.doubleflow.com\/wp-content\/uploads\/2026\/03\/Security-Awareness-Training-for-construction-2.webp","type":"image\/webp"}],"twitter_card":"summary_large_image","twitter_misc":{"Ber\u00e4knad l\u00e4stid":"2 minuter"},"schema":{"@context":"https:\/\/schema.org","@graph":[{"@type":"WebPage","@id":"https:\/\/www.doubleflow.com\/sv\/varfor-doubleflow\/","url":"https:\/\/www.doubleflow.com\/sv\/varfor-doubleflow\/","name":"Varf\u00f6r v\u00e4lja Doubleflow","isPartOf":{"@id":"https:\/\/www.doubleflow.com\/#website"},"primaryImageOfPage":{"@id":"https:\/\/www.doubleflow.com\/sv\/varfor-doubleflow\/#primaryimage"},"image":{"@id":"https:\/\/www.doubleflow.com\/sv\/varfor-doubleflow\/#primaryimage"},"thumbnailUrl":"https:\/\/staging.doubleflow.com\/wp-content\/uploads\/2026\/03\/Security-Awareness-Training-for-construction-2.webp","datePublished":"2022-11-22T14:39:57+00:00","dateModified":"2026-03-23T07:57:59+00:00","description":"Doubleflow \u00e4r experter p\u00e5 interaktiv Cybers\u00e4kerhetsutbildning f\u00f6r medarbetare - anpassat till er bransch.","breadcrumb":{"@id":"https:\/\/www.doubleflow.com\/sv\/varfor-doubleflow\/#breadcrumb"},"inLanguage":"sv-SE","potentialAction":[{"@type":"ReadAction","target":["https:\/\/www.doubleflow.com\/sv\/varfor-doubleflow\/"]}]},{"@type":"ImageObject","inLanguage":"sv-SE","@id":"https:\/\/www.doubleflow.com\/sv\/varfor-doubleflow\/#primaryimage","url":"https:\/\/staging.doubleflow.com\/wp-content\/uploads\/2026\/03\/Security-Awareness-Training-for-construction-2.webp","contentUrl":"https:\/\/staging.doubleflow.com\/wp-content\/uploads\/2026\/03\/Security-Awareness-Training-for-construction-2.webp","width":1920,"height":1280,"caption":"Cybersecurity Awareness Training for the construction industry"},{"@type":"BreadcrumbList","@id":"https:\/\/www.doubleflow.com\/sv\/varfor-doubleflow\/#breadcrumb","itemListElement":[{"@type":"ListItem","position":1,"name":"Home","item":"https:\/\/www.doubleflow.com\/sv\/"},{"@type":"ListItem","position":2,"name":"Varf\u00f6r v\u00e4lja Doubleflow?"}]},{"@type":"WebSite","@id":"https:\/\/www.doubleflow.com\/#website","url":"https:\/\/www.doubleflow.com\/","name":"Doubleflow","description":"Cybersecurity Awareness Training Platform","publisher":{"@id":"https:\/\/www.doubleflow.com\/#organization"},"potentialAction":[{"@type":"SearchAction","target":{"@type":"EntryPoint","urlTemplate":"https:\/\/www.doubleflow.com\/?s={search_term_string}"},"query-input":{"@type":"PropertyValueSpecification","valueRequired":true,"valueName":"search_term_string"}}],"inLanguage":"sv-SE"},{"@type":"Organization","@id":"https:\/\/www.doubleflow.com\/#organization","name":"Doubleflow","url":"https:\/\/www.doubleflow.com\/","logo":{"@type":"ImageObject","inLanguage":"sv-SE","@id":"https:\/\/www.doubleflow.com\/#\/schema\/logo\/image\/","url":"https:\/\/staging.doubleflow.com\/wp-content\/uploads\/2022\/06\/Black-Full-Logo-01.svg","contentUrl":"https:\/\/staging.doubleflow.com\/wp-content\/uploads\/2022\/06\/Black-Full-Logo-01.svg","width":"1024","height":"1024","caption":"Doubleflow"},"image":{"@id":"https:\/\/www.doubleflow.com\/#\/schema\/logo\/image\/"},"sameAs":["https:\/\/www.linkedin.com\/company\/doubleflow\/"]}]}},"_links":{"self":[{"href":"https:\/\/staging.doubleflow.com\/sv\/wp-json\/wp\/v2\/pages\/36008","targetHints":{"allow":["GET"]}}],"collection":[{"href":"https:\/\/staging.doubleflow.com\/sv\/wp-json\/wp\/v2\/pages"}],"about":[{"href":"https:\/\/staging.doubleflow.com\/sv\/wp-json\/wp\/v2\/types\/page"}],"author":[{"embeddable":true,"href":"https:\/\/staging.doubleflow.com\/sv\/wp-json\/wp\/v2\/users\/2"}],"replies":[{"embeddable":true,"href":"https:\/\/staging.doubleflow.com\/sv\/wp-json\/wp\/v2\/comments?post=36008"}],"version-history":[{"count":11,"href":"https:\/\/staging.doubleflow.com\/sv\/wp-json\/wp\/v2\/pages\/36008\/revisions"}],"predecessor-version":[{"id":42432,"href":"https:\/\/staging.doubleflow.com\/sv\/wp-json\/wp\/v2\/pages\/36008\/revisions\/42432"}],"wp:featuredmedia":[{"embeddable":true,"href":"https:\/\/staging.doubleflow.com\/sv\/wp-json\/wp\/v2\/media\/42070"}],"wp:attachment":[{"href":"https:\/\/staging.doubleflow.com\/sv\/wp-json\/wp\/v2\/media?parent=36008"}],"curies":[{"name":"wp","href":"https:\/\/api.w.org\/{rel}","templated":true}]}}