{"id":42302,"date":"2023-03-17T16:16:58","date_gmt":"2023-03-17T16:16:58","guid":{"rendered":"https:\/\/www.doubleflow.com\/demo\/"},"modified":"2026-03-19T10:36:29","modified_gmt":"2026-03-19T10:36:29","slug":"demo","status":"publish","type":"page","link":"https:\/\/staging.doubleflow.com\/sv\/demo\/","title":{"rendered":"Book a demo"},"content":{"rendered":"<section class=\"wpb-content-wrapper\"><p>[vc_section el_class=&#8221;vc_hidden-lg vc_hidden-md&#8221;][vc_row][vc_column]\n\n            <div class=\"form-2-block form-block vc_panel\">\n\n                <div class=\"form-2-block-inner\" style=\"height:\">\n\n\n\n                    <div class=\"row\">\n\n                        <div class=\"col-lg-4 form-content\">\n\n                            <h4>Boka en 30 min. demo<\/h4>\n\n                            <h5>F\u00e5 en rundtur med en av v\u00e5ra trevliga experter<\/h5>\n\n\n\n                            <div><script charset=\"utf-8\" type=\"text\/javascript\" src=\"\/\/js-eu1.hsforms.net\/forms\/embed\/v2.js\"><\/script>\r\n<script>\r\n  hbspt.forms.create({\r\n    portalId: \"143572013\",\r\n    formId: \"c3b32a9f-5c23-4543-9ece-9d1798602922\",\r\n    region: \"eu1\"\r\n  });\r\n<\/script><\/div>\n\n                        <\/div>\n\n                    <\/div>\n\n                <\/div>\n\n                <div class=\"background-image-holder\"  data-opacity=\"\">\n\n                    <img loading=\"lazy\" decoding=\"async\" width=\"1500\" height=\"908\" src=\"https:\/\/staging.doubleflow.com\/wp-content\/uploads\/2025\/11\/Security-Awareness-Training-for-employees.jpg\" class=\"attachment-full size-full\" alt=\"Security Awareness Training for employees\" srcset=\"https:\/\/staging.doubleflow.com\/wp-content\/uploads\/2025\/11\/Security-Awareness-Training-for-employees.jpg 1500w, https:\/\/staging.doubleflow.com\/wp-content\/uploads\/2025\/11\/Security-Awareness-Training-for-employees-300x182.jpg 300w, https:\/\/staging.doubleflow.com\/wp-content\/uploads\/2025\/11\/Security-Awareness-Training-for-employees-1024x620.jpg 1024w, https:\/\/staging.doubleflow.com\/wp-content\/uploads\/2025\/11\/Security-Awareness-Training-for-employees-768x465.jpg 768w\" sizes=\"auto, (max-width: 1500px) 100vw, 1500px\" \/>\n                        <div class=\"content-wrapper center\" style=\"max-width:%;\">\n                        \n                    <\/div>\n                <\/div>\n\n            <\/div>\n\n          [\/vc_column][\/vc_row][vc_row][vc_column][vc_empty_space][\/vc_column][\/vc_row][vc_row][vc_column][vc_single_image image=&#8221;42322&#8243; img_size=&#8221;full&#8221;][\/vc_column][\/vc_row][\/vc_section][vc_section el_class=&#8221;vc_hidden-sm vc_hidden-xs&#8221;][vc_row][vc_column][vc_column_text]<\/p>\n<h1 style=\"text-align: center;\">Boka en demo<\/h1>\n<p>[\/vc_column_text][\/vc_column][\/vc_row][vc_row][vc_column][vc_empty_space][\/vc_column][\/vc_row][vc_row][vc_column]\n\n            <div class=\"form-1-block form-block vc_panel\">\n\n                <div class=\"form-1-block-inner\" style=\"height:\">\n\n\n\n                    <div class=\"row\">\n\n                        <div class=\"col-lg-4 form-content\">\n                            <h4>Boka en 30 min. demo<\/h4>\n\n                            <h5>F\u00e5 en rundtur med en av v\u00e5ra trevliga experter<\/h5>\n\n\n\n                            <div><script charset=\"utf-8\" type=\"text\/javascript\" src=\"\/\/js-eu1.hsforms.net\/forms\/embed\/v2.js\"><\/script>\r\n<script>\r\n  hbspt.forms.create({\r\n    portalId: \"143572013\",\r\n    formId: \"c3b32a9f-5c23-4543-9ece-9d1798602922\",\r\n    region: \"eu1\"\r\n  });\r\n<\/script><\/div>\n\n                        <\/div>\n\n                    <\/div>\n\n                <\/div>\n\n                <div class=\"background-image-holder\"  data-opacity=\"\">\n\n                    <img loading=\"lazy\" decoding=\"async\" width=\"1500\" height=\"1000\" src=\"https:\/\/staging.doubleflow.com\/wp-content\/uploads\/2024\/04\/Cybersecurity-Awareness-Training.jpg\" class=\"attachment-full size-full\" alt=\"Cybersecurity Awareness Training for employees\" srcset=\"https:\/\/staging.doubleflow.com\/wp-content\/uploads\/2024\/04\/Cybersecurity-Awareness-Training.jpg 1500w, https:\/\/staging.doubleflow.com\/wp-content\/uploads\/2024\/04\/Cybersecurity-Awareness-Training-300x200.jpg 300w, https:\/\/staging.doubleflow.com\/wp-content\/uploads\/2024\/04\/Cybersecurity-Awareness-Training-1024x683.jpg 1024w, https:\/\/staging.doubleflow.com\/wp-content\/uploads\/2024\/04\/Cybersecurity-Awareness-Training-768x512.jpg 768w\" sizes=\"auto, (max-width: 1500px) 100vw, 1500px\" \/>\n                    <div class=\"content-wrapper \" style=\"max-width:%;\">\n                        \n                    <\/div>\n                <\/div>\n\n            <\/div>\n\n          [\/vc_column][\/vc_row][vc_row][vc_column][vc_empty_space height=&#8221;75px&#8221;][\/vc_column][\/vc_row][vc_row el_class=&#8221;vc_hidden-sm vc_hidden-xs&#8221;][vc_column width=&#8221;1\/6&#8243;][vc_single_image image=&#8221;42310&#8243; img_size=&#8221;full&#8221;][\/vc_column][vc_column width=&#8221;1\/6&#8243;][vc_single_image image=&#8221;41037&#8243; img_size=&#8221;full&#8221;][\/vc_column][vc_column width=&#8221;1\/6&#8243;][vc_single_image image=&#8221;42325&#8243; img_size=&#8221;full&#8221;][\/vc_column][vc_column width=&#8221;1\/6&#8243;][vc_single_image image=&#8221;42315&#8243; img_size=&#8221;full&#8221;][\/vc_column][vc_column width=&#8221;1\/6&#8243;][vc_single_image image=&#8221;42312&#8243; img_size=&#8221;full&#8221;][\/vc_column][vc_column width=&#8221;1\/6&#8243;][vc_single_image image=&#8221;41045&#8243; img_size=&#8221;full&#8221;][\/vc_column][\/vc_row][\/vc_section]<\/p>\n<\/section>","protected":false},"excerpt":{"rendered":"<p>[vc_section el_class=&#8221;vc_hidden-lg vc_hidden-md&#8221;][vc_row][vc_column][\/vc_column][\/vc_row][vc_row][vc_column][vc_empty_space][\/vc_column][\/vc_row][vc_row][vc_column][vc_single_image image=&#8221;42322&#8243; img_size=&#8221;full&#8221;][\/vc_column][\/vc_row][\/vc_section][vc_section el_class=&#8221;vc_hidden-sm vc_hidden-xs&#8221;][vc_row][vc_column][vc_column_text] Boka en demo [\/vc_column_text][\/vc_column][\/vc_row][vc_row][vc_column][vc_empty_space][\/vc_column][\/vc_row][vc_row][vc_column][\/vc_column][\/vc_row][vc_row][vc_column][vc_empty_space height=&#8221;75px&#8221;][\/vc_column][\/vc_row][vc_row el_class=&#8221;vc_hidden-sm vc_hidden-xs&#8221;][vc_column width=&#8221;1\/6&#8243;][vc_single_image image=&#8221;42310&#8243; img_size=&#8221;full&#8221;][\/vc_column][vc_column width=&#8221;1\/6&#8243;][vc_single_image image=&#8221;41037&#8243; img_size=&#8221;full&#8221;][\/vc_column][vc_column width=&#8221;1\/6&#8243;][vc_single_image image=&#8221;42325&#8243; img_size=&#8221;full&#8221;][\/vc_column][vc_column width=&#8221;1\/6&#8243;][vc_single_image image=&#8221;42315&#8243; img_size=&#8221;full&#8221;][\/vc_column][vc_column width=&#8221;1\/6&#8243;][vc_single_image image=&#8221;42312&#8243; img_size=&#8221;full&#8221;][\/vc_column][vc_column width=&#8221;1\/6&#8243;][vc_single_image image=&#8221;41045&#8243; img_size=&#8221;full&#8221;][\/vc_column][\/vc_row][\/vc_section]<\/p>\n","protected":false},"author":2,"featured_media":39574,"parent":0,"menu_order":51,"comment_status":"closed","ping_status":"closed","template":"","meta":{"_acf_changed":false,"inline_featured_image":false,"footnotes":""},"class_list":["post-42302","page","type-page","status-publish","has-post-thumbnail","hentry"],"acf":[],"yoast_head":"<!-- This site is optimized with the Yoast SEO plugin v27.3 - https:\/\/yoast.com\/product\/yoast-seo-wordpress\/ -->\n<title>Demo | Utbildning i Cybers\u00e4kerhet f\u00f6r medarbetare | Doubleflow<\/title>\n<meta name=\"description\" content=\"Boka en demo av v\u00e5ra utbildningar och kurser i Cybers\u00e4kerhet f\u00f6r medarbetare.\" \/>\n<meta name=\"robots\" content=\"index, follow, max-snippet:-1, max-image-preview:large, max-video-preview:-1\" \/>\n<link rel=\"canonical\" href=\"https:\/\/www.doubleflow.com\/sv\/demo\/\" \/>\n<meta property=\"og:locale\" content=\"sv_SE\" \/>\n<meta property=\"og:type\" content=\"article\" \/>\n<meta property=\"og:title\" content=\"Demo | Utbildning i Cybers\u00e4kerhet f\u00f6r medarbetare | Doubleflow\" \/>\n<meta property=\"og:description\" content=\"Boka en demo av v\u00e5ra utbildningar och kurser i Cybers\u00e4kerhet f\u00f6r medarbetare.\" \/>\n<meta property=\"og:url\" content=\"https:\/\/www.doubleflow.com\/sv\/demo\/\" \/>\n<meta property=\"og:site_name\" content=\"Doubleflow\" \/>\n<meta property=\"article:modified_time\" content=\"2026-03-19T10:36:29+00:00\" \/>\n<meta property=\"og:image\" content=\"https:\/\/www.doubleflow.com\/wp-content\/uploads\/2024\/04\/Cyber-Security-Awareness-Training-10h.jpg\" \/>\n\t<meta property=\"og:image:width\" content=\"1419\" \/>\n\t<meta property=\"og:image:height\" content=\"946\" \/>\n\t<meta property=\"og:image:type\" content=\"image\/jpeg\" \/>\n<meta name=\"twitter:card\" content=\"summary_large_image\" \/>\n<meta name=\"twitter:label1\" content=\"Ber\u00e4knad l\u00e4stid\" \/>\n\t<meta name=\"twitter:data1\" content=\"1 minut\" \/>\n<script type=\"application\/ld+json\" class=\"yoast-schema-graph\">{\"@context\":\"https:\\\/\\\/schema.org\",\"@graph\":[{\"@type\":\"WebPage\",\"@id\":\"https:\\\/\\\/www.doubleflow.com\\\/sv\\\/demo\\\/\",\"url\":\"https:\\\/\\\/www.doubleflow.com\\\/sv\\\/demo\\\/\",\"name\":\"Demo | Utbildning i Cybers\u00e4kerhet f\u00f6r medarbetare | Doubleflow\",\"isPartOf\":{\"@id\":\"https:\\\/\\\/www.doubleflow.com\\\/#website\"},\"primaryImageOfPage\":{\"@id\":\"https:\\\/\\\/www.doubleflow.com\\\/sv\\\/demo\\\/#primaryimage\"},\"image\":{\"@id\":\"https:\\\/\\\/www.doubleflow.com\\\/sv\\\/demo\\\/#primaryimage\"},\"thumbnailUrl\":\"https:\\\/\\\/staging.doubleflow.com\\\/wp-content\\\/uploads\\\/2024\\\/04\\\/Cyber-Security-Awareness-Training-10h.jpg\",\"datePublished\":\"2023-03-17T16:16:58+00:00\",\"dateModified\":\"2026-03-19T10:36:29+00:00\",\"description\":\"Boka en demo av v\u00e5ra utbildningar och kurser i Cybers\u00e4kerhet f\u00f6r medarbetare.\",\"breadcrumb\":{\"@id\":\"https:\\\/\\\/www.doubleflow.com\\\/sv\\\/demo\\\/#breadcrumb\"},\"inLanguage\":\"sv-SE\",\"potentialAction\":[{\"@type\":\"ReadAction\",\"target\":[\"https:\\\/\\\/www.doubleflow.com\\\/sv\\\/demo\\\/\"]}]},{\"@type\":\"ImageObject\",\"inLanguage\":\"sv-SE\",\"@id\":\"https:\\\/\\\/www.doubleflow.com\\\/sv\\\/demo\\\/#primaryimage\",\"url\":\"https:\\\/\\\/staging.doubleflow.com\\\/wp-content\\\/uploads\\\/2024\\\/04\\\/Cyber-Security-Awareness-Training-10h.jpg\",\"contentUrl\":\"https:\\\/\\\/staging.doubleflow.com\\\/wp-content\\\/uploads\\\/2024\\\/04\\\/Cyber-Security-Awareness-Training-10h.jpg\",\"width\":1419,\"height\":946,\"caption\":\"Cyber Security Awareness Training\"},{\"@type\":\"BreadcrumbList\",\"@id\":\"https:\\\/\\\/www.doubleflow.com\\\/sv\\\/demo\\\/#breadcrumb\",\"itemListElement\":[{\"@type\":\"ListItem\",\"position\":1,\"name\":\"Home\",\"item\":\"https:\\\/\\\/www.doubleflow.com\\\/sv\\\/\"},{\"@type\":\"ListItem\",\"position\":2,\"name\":\"Book a demo\"}]},{\"@type\":\"WebSite\",\"@id\":\"https:\\\/\\\/www.doubleflow.com\\\/#website\",\"url\":\"https:\\\/\\\/www.doubleflow.com\\\/\",\"name\":\"Doubleflow\",\"description\":\"Cybersecurity Awareness Training Platform\",\"publisher\":{\"@id\":\"https:\\\/\\\/www.doubleflow.com\\\/#organization\"},\"potentialAction\":[{\"@type\":\"SearchAction\",\"target\":{\"@type\":\"EntryPoint\",\"urlTemplate\":\"https:\\\/\\\/www.doubleflow.com\\\/?s={search_term_string}\"},\"query-input\":{\"@type\":\"PropertyValueSpecification\",\"valueRequired\":true,\"valueName\":\"search_term_string\"}}],\"inLanguage\":\"sv-SE\"},{\"@type\":\"Organization\",\"@id\":\"https:\\\/\\\/www.doubleflow.com\\\/#organization\",\"name\":\"Doubleflow\",\"url\":\"https:\\\/\\\/www.doubleflow.com\\\/\",\"logo\":{\"@type\":\"ImageObject\",\"inLanguage\":\"sv-SE\",\"@id\":\"https:\\\/\\\/www.doubleflow.com\\\/#\\\/schema\\\/logo\\\/image\\\/\",\"url\":\"https:\\\/\\\/staging.doubleflow.com\\\/wp-content\\\/uploads\\\/2022\\\/06\\\/Black-Full-Logo-01.svg\",\"contentUrl\":\"https:\\\/\\\/staging.doubleflow.com\\\/wp-content\\\/uploads\\\/2022\\\/06\\\/Black-Full-Logo-01.svg\",\"width\":\"1024\",\"height\":\"1024\",\"caption\":\"Doubleflow\"},\"image\":{\"@id\":\"https:\\\/\\\/www.doubleflow.com\\\/#\\\/schema\\\/logo\\\/image\\\/\"},\"sameAs\":[\"https:\\\/\\\/www.linkedin.com\\\/company\\\/doubleflow\\\/\"]}]}<\/script>\n<!-- \/ Yoast SEO plugin. -->","yoast_head_json":{"title":"Demo | Utbildning i Cybers\u00e4kerhet f\u00f6r medarbetare | Doubleflow","description":"Boka en demo av v\u00e5ra utbildningar och kurser i Cybers\u00e4kerhet f\u00f6r medarbetare.","robots":{"index":"index","follow":"follow","max-snippet":"max-snippet:-1","max-image-preview":"max-image-preview:large","max-video-preview":"max-video-preview:-1"},"canonical":"https:\/\/www.doubleflow.com\/sv\/demo\/","og_locale":"sv_SE","og_type":"article","og_title":"Demo | Utbildning i Cybers\u00e4kerhet f\u00f6r medarbetare | Doubleflow","og_description":"Boka en demo av v\u00e5ra utbildningar och kurser i Cybers\u00e4kerhet f\u00f6r medarbetare.","og_url":"https:\/\/www.doubleflow.com\/sv\/demo\/","og_site_name":"Doubleflow","article_modified_time":"2026-03-19T10:36:29+00:00","og_image":[{"width":1419,"height":946,"url":"https:\/\/www.doubleflow.com\/wp-content\/uploads\/2024\/04\/Cyber-Security-Awareness-Training-10h.jpg","type":"image\/jpeg"}],"twitter_card":"summary_large_image","twitter_misc":{"Ber\u00e4knad l\u00e4stid":"1 minut"},"schema":{"@context":"https:\/\/schema.org","@graph":[{"@type":"WebPage","@id":"https:\/\/www.doubleflow.com\/sv\/demo\/","url":"https:\/\/www.doubleflow.com\/sv\/demo\/","name":"Demo | Utbildning i Cybers\u00e4kerhet f\u00f6r medarbetare | Doubleflow","isPartOf":{"@id":"https:\/\/www.doubleflow.com\/#website"},"primaryImageOfPage":{"@id":"https:\/\/www.doubleflow.com\/sv\/demo\/#primaryimage"},"image":{"@id":"https:\/\/www.doubleflow.com\/sv\/demo\/#primaryimage"},"thumbnailUrl":"https:\/\/staging.doubleflow.com\/wp-content\/uploads\/2024\/04\/Cyber-Security-Awareness-Training-10h.jpg","datePublished":"2023-03-17T16:16:58+00:00","dateModified":"2026-03-19T10:36:29+00:00","description":"Boka en demo av v\u00e5ra utbildningar och kurser i Cybers\u00e4kerhet f\u00f6r medarbetare.","breadcrumb":{"@id":"https:\/\/www.doubleflow.com\/sv\/demo\/#breadcrumb"},"inLanguage":"sv-SE","potentialAction":[{"@type":"ReadAction","target":["https:\/\/www.doubleflow.com\/sv\/demo\/"]}]},{"@type":"ImageObject","inLanguage":"sv-SE","@id":"https:\/\/www.doubleflow.com\/sv\/demo\/#primaryimage","url":"https:\/\/staging.doubleflow.com\/wp-content\/uploads\/2024\/04\/Cyber-Security-Awareness-Training-10h.jpg","contentUrl":"https:\/\/staging.doubleflow.com\/wp-content\/uploads\/2024\/04\/Cyber-Security-Awareness-Training-10h.jpg","width":1419,"height":946,"caption":"Cyber Security Awareness Training"},{"@type":"BreadcrumbList","@id":"https:\/\/www.doubleflow.com\/sv\/demo\/#breadcrumb","itemListElement":[{"@type":"ListItem","position":1,"name":"Home","item":"https:\/\/www.doubleflow.com\/sv\/"},{"@type":"ListItem","position":2,"name":"Book a demo"}]},{"@type":"WebSite","@id":"https:\/\/www.doubleflow.com\/#website","url":"https:\/\/www.doubleflow.com\/","name":"Doubleflow","description":"Cybersecurity Awareness Training Platform","publisher":{"@id":"https:\/\/www.doubleflow.com\/#organization"},"potentialAction":[{"@type":"SearchAction","target":{"@type":"EntryPoint","urlTemplate":"https:\/\/www.doubleflow.com\/?s={search_term_string}"},"query-input":{"@type":"PropertyValueSpecification","valueRequired":true,"valueName":"search_term_string"}}],"inLanguage":"sv-SE"},{"@type":"Organization","@id":"https:\/\/www.doubleflow.com\/#organization","name":"Doubleflow","url":"https:\/\/www.doubleflow.com\/","logo":{"@type":"ImageObject","inLanguage":"sv-SE","@id":"https:\/\/www.doubleflow.com\/#\/schema\/logo\/image\/","url":"https:\/\/staging.doubleflow.com\/wp-content\/uploads\/2022\/06\/Black-Full-Logo-01.svg","contentUrl":"https:\/\/staging.doubleflow.com\/wp-content\/uploads\/2022\/06\/Black-Full-Logo-01.svg","width":"1024","height":"1024","caption":"Doubleflow"},"image":{"@id":"https:\/\/www.doubleflow.com\/#\/schema\/logo\/image\/"},"sameAs":["https:\/\/www.linkedin.com\/company\/doubleflow\/"]}]}},"_links":{"self":[{"href":"https:\/\/staging.doubleflow.com\/sv\/wp-json\/wp\/v2\/pages\/42302","targetHints":{"allow":["GET"]}}],"collection":[{"href":"https:\/\/staging.doubleflow.com\/sv\/wp-json\/wp\/v2\/pages"}],"about":[{"href":"https:\/\/staging.doubleflow.com\/sv\/wp-json\/wp\/v2\/types\/page"}],"author":[{"embeddable":true,"href":"https:\/\/staging.doubleflow.com\/sv\/wp-json\/wp\/v2\/users\/2"}],"replies":[{"embeddable":true,"href":"https:\/\/staging.doubleflow.com\/sv\/wp-json\/wp\/v2\/comments?post=42302"}],"version-history":[{"count":7,"href":"https:\/\/staging.doubleflow.com\/sv\/wp-json\/wp\/v2\/pages\/42302\/revisions"}],"predecessor-version":[{"id":42328,"href":"https:\/\/staging.doubleflow.com\/sv\/wp-json\/wp\/v2\/pages\/42302\/revisions\/42328"}],"wp:featuredmedia":[{"embeddable":true,"href":"https:\/\/staging.doubleflow.com\/sv\/wp-json\/wp\/v2\/media\/39574"}],"wp:attachment":[{"href":"https:\/\/staging.doubleflow.com\/sv\/wp-json\/wp\/v2\/media?parent=42302"}],"curies":[{"name":"wp","href":"https:\/\/api.w.org\/{rel}","templated":true}]}}